{"id":14,"date":"2022-08-06T16:31:44","date_gmt":"2022-08-06T16:31:44","guid":{"rendered":"https:\/\/Sylt.Casa\/?page_id=14"},"modified":"2025-08-07T08:59:28","modified_gmt":"2025-08-07T08:59:28","slug":"infos-fuer-mieter","status":"publish","type":"page","link":"https:\/\/Sylt.Casa\/?page_id=14","title":{"rendered":"Infos f\u00fcr Mieter"},"content":{"rendered":"\n<p>Herzlich willkommen und danke, dass Sie sich f\u00fcr eine Wohnung im Smeelwai entschieden habe. Nachfolgend einige Informationen zu Ihrem Aufenthalt.<\/p>\n\n\n\n<h2 class=\"wp-block-heading\">Internet per WLAN<\/h2>\n\n\n\n<ol class=\"wp-block-list\">\n<li>Im ganzen Haus gibt es ein schnelles WLAN mit dem Namen &#8222;Smeelwai-9&#8220;. Die Nutzung ist f\u00fcr G\u00e4ste inklusive. Das Passwort erhalten Sie vor dem Einzug durch die Immobilienvermietung.<\/li>\n\n\n\n<li><em><strong>Fehlerbehandlung Internet<\/strong>: Selten wird ein Neustart des Internet-Routers (+ WLAN-Funktion) n\u00f6tig. Dazu muss der Router f\u00fcr (steht hinter dem Fernsehe im EG, Wohnung Sylt.Casa 1) f\u00fcr 10 sec vom Strom getrennt und wieder angeschlossen. Er f\u00e4hrt dann binnen weniger Minuten hoch und ist wieder funktionsbereit. Andere Wartungsm\u00f6glichkeiten stehen f\u00fcr den Benutzer nicht zu Verf\u00fcgung. <\/em><\/li>\n<\/ol>\n\n\n\n<h2 class=\"wp-block-heading\">Fernsehen<\/h2>\n\n\n\n<p>Jede Wohnung (Casa 1 je im EG und im UG, Casa 2 im 1. OG) hat als &#8222;Fernsehen&#8220; Vodafone GigaTV, d.h. eine kleine schwarze Box neben oder unter dem Panasonic-Fernseher (Monitor). Die Bedienung der kleine schwarze Box und des Monitors erfolgt routinem\u00e4ssig aussschliesslich  \u00fcber die schwarze Fernbedienung. Die GigaTV-Box ist entweder in stand-by (Leuchdiode rot) oder eingeschaltet (Leuchtdiode weiss). <\/p>\n\n\n\n<h4 class=\"wp-block-heading\">Wichtig<\/h4>\n\n\n\n<ol class=\"wp-block-list\">\n<li><strong>Der Fernseher dient nur noch als Monitor.<\/strong> Dieser Monitor wird von den kleinen schwarzen Box (Vodafone GigaTV, verbunden \u00fcber HDMI-Kabel, Anschluss HDMI-1-am Monitor) gesteuert und an- und ausgeschaltet. <strong>D.h. das Anschalten des Monitors erfolgt in aller Regel automatisch<\/strong>. Das Anschalten (Hochfahren) der kleine schwarzen Box dauert einige Sekunden; w\u00e4hrend dieser Zeit blinkt ihre Leuchtdiode rot.<br>Der Monitor hat an der Vorderseite links unten eine Leuchtdiode: weiss=eingeschaltet, rot=stand-by, Leuchtiode aus=Monitor ist ausgeschaltet. <\/li>\n\n\n\n<li>&#8222;Das Fernsehen&#8220; (kleine schwarze Box, GigaTV) wird mit der schwarzen Fernbedienung eingeschaltet. Ebenfalls auf ihr wird  das Fernsehprogramm (P +-) und die Lautst\u00e4rke (+-) ausgew\u00e4hlt werden. <br><em>Beachte: Die Bedienung des GigaTV erfolgt wie bei einem Computer mit Nutzerf\u00fchrung \u00fcber den Bildschirm. Dabei werden die Optionen mit der Fernbedienung \u00fcber den zentralen Zeiger (Ring um den &#8222;OK&#8220;-Knopf&#8220;) angew\u00e4hlt und durch Dr\u00fccken auf den zentralen &#8222;OK-Knopf&#8220; aktiviert. Hilfreich sind dabei der &#8222;Home&#8220;-Knopf (Haus-Symbol) und die &#8222;Zur\u00fcck&#8220;- und &#8222;Abbruch&#8220;-Kn\u00f6pfe  (um den OK-Knopf angeordnet)<\/em>.<\/li>\n\n\n\n<li><em><strong>Fehlerbehandlung GigaTV<\/strong>: Manchmal versucht GigaTV automatisch ein Update \u00fcbers Internet. Dann blinkt die Diode an der Box eine Weile lang langsam rot. Das muss abgewartet werden. Falls nach f\u00fcnf Minuten der Vorgang immer noch nicht abgeschlossen ist, kann die Box f\u00fcr 10 sec vom Strom getrennt und dann wieder angeschlossen werden<\/em>. <\/li>\n\n\n\n<li><em><strong>Fehlerbehandlung Monitor<\/strong>: Wenn der Monitor versehentlich ausgeschaltet wurde (Diode am Monitor leuchtet nicht), kann er NUR auf der R\u00fcckseite eingeschaltet werden, und zwar auf der R\u00fcckseite des Monitors durch Dr\u00fccken des untersten schwarzen Knopfes (O\/I). Ggf. muss dann noch mit dem obersten Knopf INPUT (ggf. wiederholt dr\u00fccken) als Quelle &#8222;HDMI 1&#8220; (Anzeige auf dem Monitor) angew\u00e4hlt werden.<\/em><\/li>\n<\/ol>\n\n\n\n<h2 class=\"wp-block-heading\">Abfall<\/h2>\n\n\n\n<p>Sylt trennt den Abfall, und es ist wichtig, dass alle mitmachen. Nicht zuletzt, weil der ungetrennte Abfall (Restm\u00fcll) nur noch seltener abgeholt wird und die Restm\u00fclltonne schnell voll wird. Am besten trennen Sie den M\u00fcll bereits in der K\u00fcche. Bitte stellen Sie dann die Tonnen, die gem\u00e4ss <a href=\"https:\/\/www.awnf.de\/service\/abfuhrtermine\/\" target=\"_blank\" rel=\"noreferrer noopener\">Abfallkalender<\/a> (Abfallkalender 2025 <a href=\"https:\/\/Sylt.Casa\/wp-content\/uploads\/2025\/08\/Abfallkalender-Westerland-2025.pdf\">hier<\/a>) geleert werden, am jeweiligen Tag bis morgens um 6 Uhr oder am Vorabend an den Strassenrand. Am besten achten Sie darauf, welche Tonne(n) die Nachbarn am Abend an den Strassenrand stellen.<\/p>\n\n\n\n<ul class=\"wp-block-list\">\n<li>Gelbe Tonne: verwertbare Verpackungsmaterialien (trocken) wie Folien, Kunststoffhohlk\u00f6rper, Saft- und Milchkartons<\/li>\n\n\n\n<li>Gr\u00fcne Tonne: Papier, Pappe<\/li>\n\n\n\n<li>Braune Tonne: Bioabfall (Essensreste) <\/li>\n\n\n\n<li>Graue oder schwarze Tonne: Restm\u00fcll<\/li>\n<\/ul>\n\n\n\n<h2 class=\"wp-block-heading\">Speziell f\u00fcr Mieter Sylt.Casa 1 (Erdgeschoss-Wohnung)<\/h2>\n\n\n\n<p>Der Internetzugang f\u00fcrs ganze Haus erfolgt \u00fcber den Anschluss im Wohnzimmer im Erdgeschoss. Dort ist die Technik (Router, WLAN) im Fernsehm\u00f6bel untergebracht. Es gibt dort KEINE durch den Mieter zu bedienende Teile. <strong>Bitte \u00f6ffnen Sie das Fach im Fernsehm\u00f6bel NICHT. Bitte stecken Sie keines der drei Kabel (Strom, Fernsehen, Internet), die zur Wand hinter dem Fernseher laufen, aus, auch nicht zum Staubsaugen oder zum Laden eigener Ger\u00e4te, danke.<\/strong><\/p>\n\n\n\n<h3 class=\"wp-block-heading\">Waschmaschine und Trockner<\/h3>\n\n\n\n<p>Im Bad im Souterrain (nur Sylt.Casa 1) steht ein Wasch-Trockner-Turm. Die Stromzufuhr wird \u00fcber zwei M\u00fcnzautomaten betrieben. Ein Waschvorgang kostet drei Euro, ein Trockenvorgang zwei Euro.<\/p>\n\n\n\n<p>WICHTIG: Der T\u00fcr\u00f6ffner der Waschmaschine funktioniert nur, wenn die Waschmaschine Strom hat. Wenn der M\u00fcnzautomat abgelaufen ist, kann der T\u00fcr\u00f6ffner nur durch Nachzahlen von einem Euro bedient werden.<\/p>\n\n\n\n<p><\/p>\n","protected":false},"excerpt":{"rendered":"<p>Herzlich willkommen und danke, dass Sie sich f\u00fcr eine Wohnung im Smeelwai entschieden habe. Nachfolgend einige Informationen zu Ihrem Aufenthalt. Internet per WLAN Fernsehen Jede Wohnung (Casa 1 je im EG und im UG, Casa 2 im 1. OG) hat als &#8222;Fernsehen&#8220; Vodafone GigaTV, d.h. eine kleine schwarze Box neben oder unter dem Panasonic-Fernseher (Monitor). &hellip; <\/p>\n<p class=\"link-more\"><a href=\"https:\/\/Sylt.Casa\/?page_id=14\" class=\"more-link\"><span class=\"screen-reader-text\">\u201eInfos f\u00fcr Mieter\u201c <\/span>weiterlesen<\/a><\/p>\n","protected":false},"author":1,"featured_media":0,"parent":0,"menu_order":0,"comment_status":"closed","ping_status":"closed","template":"","meta":{"ngg_post_thumbnail":0,"footnotes":""},"class_list":["post-14","page","type-page","status-publish","hentry"],"_links":{"self":[{"href":"https:\/\/Sylt.Casa\/index.php?rest_route=\/wp\/v2\/pages\/14","targetHints":{"allow":["GET"]}}],"collection":[{"href":"https:\/\/Sylt.Casa\/index.php?rest_route=\/wp\/v2\/pages"}],"about":[{"href":"https:\/\/Sylt.Casa\/index.php?rest_route=\/wp\/v2\/types\/page"}],"author":[{"embeddable":true,"href":"https:\/\/Sylt.Casa\/index.php?rest_route=\/wp\/v2\/users\/1"}],"replies":[{"embeddable":true,"href":"https:\/\/Sylt.Casa\/index.php?rest_route=%2Fwp%2Fv2%2Fcomments&post=14"}],"version-history":[{"count":17,"href":"https:\/\/Sylt.Casa\/index.php?rest_route=\/wp\/v2\/pages\/14\/revisions"}],"predecessor-version":[{"id":144,"href":"https:\/\/Sylt.Casa\/index.php?rest_route=\/wp\/v2\/pages\/14\/revisions\/144"}],"wp:attachment":[{"href":"https:\/\/Sylt.Casa\/index.php?rest_route=%2Fwp%2Fv2%2Fmedia&parent=14"}],"curies":[{"name":"wp","href":"https:\/\/api.w.org\/{rel}","templated":true}]}}